{"id":1286,"date":"2024-12-04T12:23:32","date_gmt":"2024-12-04T09:23:32","guid":{"rendered":"https:\/\/marcolab.itu.edu.tr\/?page_id=1286"},"modified":"2025-03-11T12:34:20","modified_gmt":"2025-03-11T09:34:20","slug":"equipments-of-lab","status":"publish","type":"page","link":"https:\/\/marcolab.itu.edu.tr\/tr\/equipments-of-lab\/","title":{"rendered":"Laboratuvar Ekipmanlar\u0131"},"content":{"rendered":"\n<h1 class=\"wp-block-heading\"><\/h1>\n\n\n\n<h2 class=\"wp-block-heading\"><strong>Emotiv EPOC \/ Emotiv EPOC Flex<\/strong><\/h2>\n\n\n\n<p><\/p>\n\n\n\n<p>Emotiv EPOC ve Emotiv EPOC Flex, beyin aktivitesini \u00f6l\u00e7mek i\u00e7in tasarlanm\u0131\u015f ta\u015f\u0131nabilir elektroensefalografi (EEG) cihazlar\u0131d\u0131r. Emotiv EPOC, beyin dalgalar\u0131n\u0131 yakalamak i\u00e7in 14 sens\u00f6r sunarken, EPOC Flex modeli 32 sens\u00f6rle daha fazla esneklik ve daha ayr\u0131nt\u0131l\u0131 ve hassas \u00f6l\u00e7\u00fcmler sa\u011flar. Bu cihazlar, n\u00f6robilim ara\u015ft\u0131rmalar\u0131, bili\u015fsel performans analizi ve beyin-bilgisayar aray\u00fcz\u00fc (BCI) geli\u015ftirilmesi gibi \u00e7e\u015fitli uygulamalarda, zihinsel durumlar\u0131 ve beyin fonksiyonlar\u0131n\u0131 izlemek i\u00e7in yayg\u0131n olarak kullan\u0131l\u0131r. Ayr\u0131ca, n\u00f6rolojik sa\u011fl\u0131k de\u011ferlendirmeleri i\u00e7in klinik ortamlarda ve oyun end\u00fcstrisi gibi alanlarda beyin dalgas\u0131 sinyalleriyle uygulamalar\u0131 kontrol etmek i\u00e7in de kullan\u0131l\u0131r. Bu cihazlar\u0131n esnekli\u011fi ve invaziv olmayan yap\u0131s\u0131, hem akademik ara\u015ft\u0131rmalar hem de ticari teknolojiler i\u00e7in de\u011ferli ara\u00e7lar haline getirmektedir.<\/p>\n\n\n\n<p><\/p>\n\n\n\n<p><\/p>\n\n\n\n<h2 class=\"wp-block-heading\"><strong>E4 Wristband<\/strong> &#8211; <strong>Shimmer GSR Unit<\/strong><\/h2>\n\n\n\n<p><\/p>\n\n\n\n<p>E4 Wristband ve Shimmer GSR Unit, biyometrik veriler toplamak i\u00e7in kullan\u0131lan biyosens\u00f6r cihazlar\u0131d\u0131r, \u00f6zellikle ara\u015ft\u0131rma ve sa\u011fl\u0131k izleme ama\u00e7lar\u0131 i\u00e7in kullan\u0131l\u0131r.<\/p>\n\n\n\n<p><strong>E4 Wristband:<\/strong> E4 Wristband, v\u00fccutta \u00e7e\u015fitli fizyolojik verileri toplayan giyilebilir bir biyosens\u00f6r cihaz\u0131d\u0131r. Cilt s\u0131cakl\u0131\u011f\u0131, kalp h\u0131z\u0131, hareket (ivme) ve Galvanik Cilt Tepkisi (GSR) gibi parametreleri \u00f6l\u00e7er. GSR, cildin elektriksel iletkenli\u011fini \u00f6l\u00e7er ve stres seviyelerini ve duygusal tepkileri de\u011ferlendirmek i\u00e7in kullan\u0131labilir. E4 Wristband, psikolojik ara\u015ft\u0131rmalar, biyometrik analizler, stres izleme ve insan etkile\u015fimi \u00e7al\u0131\u015fmalar\u0131 i\u00e7in yayg\u0131n olarak kullan\u0131lmaktad\u0131r.<br><\/p>\n\n\n\n<p><strong>Shimmer GSR Unit<\/strong>: Shimmer GSR Unit, Galvanik Cilt Tepkisi (GSR) teknolojisini kullanarak cildin elektriksel iletkenli\u011fini \u00f6l\u00e7en bir cihazd\u0131r. Bu cihaz, duygusal durumlar, stres seviyeleri ve psikolojik tepkilerin analizinde kullan\u0131l\u0131r. Sa\u011fl\u0131k ve psikolojik ara\u015ft\u0131rmalarda, \u00f6zellikle duygusal tepkilerin \u00f6l\u00e7\u00fclmesi, stres takibi, davran\u0131\u015f analizi ve biyometrik ara\u015ft\u0131rmalar i\u00e7in yayg\u0131n olarak uygulanmaktad\u0131r. Shimmer GSR Unit, ta\u015f\u0131nabilir olup, saha ara\u015ft\u0131rmalar\u0131nda ger\u00e7ek zamanl\u0131 veri toplama i\u00e7in esneklik sunar.<\/p>\n\n\n\n<p>Her iki cihaz da bireylerin fizyolojik ve psikolojik durumlar\u0131n\u0131 \u00f6l\u00e7mek ve analiz etmek i\u00e7in biyometrik veriler toplar, bu da onlar\u0131 ara\u015ft\u0131rma ve klinik uygulamalarda de\u011ferli ara\u00e7lar haline getirir.<\/p>\n\n\n\n<p><\/p>\n\n\n\n<p><\/p>\n\n\n\n<h2 class=\"wp-block-heading\"><strong>H7 Polar Band \/ Shimmer EKG Unit<\/strong><\/h2>\n\n\n\n<p><\/p>\n\n\n\n<p>H7 Polar Band ve Shimmer EKG Unit, \u00f6zellikle kardiyovask\u00fcler izleme \u00fczerine odaklanan, fizyolojik verileri toplamak i\u00e7in tasarlanm\u0131\u015f giyilebilir biyosens\u00f6r cihazlar\u0131d\u0131r.<\/p>\n\n\n\n<p><strong>H7 Polar Band:<\/strong> H7 Polar Band, bir g\u00f6\u011f\u00fcs kay\u0131\u015f\u0131 \u015feklinde olan kalp h\u0131z\u0131 izleme cihaz\u0131d\u0131r. Kullan\u0131c\u0131n\u0131n kalp h\u0131z\u0131n\u0131 s\u00fcrekli olarak \u00f6l\u00e7er ve veriyi kablosuz olarak bir ak\u0131ll\u0131 telefon veya fitness cihaz\u0131na iletir. Bu cihaz, sporcular taraf\u0131ndan performanslar\u0131n\u0131 izlemek, egzersiz s\u0131ras\u0131nda kalp h\u0131z\u0131 verisi toplamak ve kardiyovask\u00fcler sa\u011fl\u0131klar\u0131n\u0131 izlemek i\u00e7in yayg\u0131n olarak kullan\u0131l\u0131r. Polar H7, kullan\u0131c\u0131lar\u0131n kalp h\u0131zlar\u0131n\u0131 s\u00fcrekli olarak izlemelerini sa\u011flar ve sa\u011fl\u0131k ve fitness hedeflerine y\u00f6nelik bilin\u00e7li kararlar almalar\u0131na yard\u0131mc\u0131 olur.<\/p>\n\n\n\n<p><strong>Shimmer EKG Unit:<\/strong> Shimmer EKG Unit, kalbin elektriksel aktivitesini \u00f6l\u00e7en bir cihazd\u0131r. EKG, kalp sa\u011fl\u0131\u011f\u0131n\u0131 izlemek, anormal kalp ritimlerini tespit etmek ve potansiyel kardiyovask\u00fcler sorunlar\u0131 belirlemek i\u00e7in kritik \u00f6neme sahiptir. Shimmer EKG Unit, genellikle klinik olmayan ortamlarda veya saha ara\u015ft\u0131rmalar\u0131nda kalp ritmi ve kardiyovask\u00fcler sa\u011fl\u0131k verilerini toplamak i\u00e7in kullan\u0131l\u0131r. Ta\u015f\u0131nabilirli\u011fi, ger\u00e7ek zamanl\u0131 veri toplama ve analiz yapma imkan\u0131 sa\u011flar, bu da onu klinik ara\u015ft\u0131rmalar ve sa\u011fl\u0131k izleme uygulamalar\u0131 i\u00e7in de\u011ferli k\u0131lar.<\/p>\n\n\n\n<p>Her iki cihaz da temel olarak kardiyovask\u00fcler sa\u011fl\u0131k izleme ve analizine y\u00f6nelik kullan\u0131l\u0131r, sa\u011fl\u0131k izleme, spor performans\u0131 ve biyomedikal ara\u015ft\u0131rmalar gibi alanlarda de\u011ferli bilgiler sunar.<\/p>\n\n\n\n<p><\/p>\n\n\n\n<p><\/p>\n\n\n\n<h2 class=\"wp-block-heading\"> <strong>Pupil Core Eye Tracking Headset<\/strong> <\/h2>\n\n\n\n<p><\/p>\n\n\n\n<p>Pupil Core Eye Tracking Headset, g\u00f6z hareketlerini y\u00fcksek do\u011frulukla takip etmek i\u00e7in tasarlanm\u0131\u015f ta\u015f\u0131nabilir bir cihazd\u0131r ve geli\u015fmi\u015f optik sens\u00f6rler ve kameralar kullan\u0131r. Ara\u015ft\u0131rmac\u0131lar\u0131n bir bireyin bak\u0131\u015flar\u0131n\u0131, odak noktalar\u0131n\u0131 ve g\u00f6rsel alg\u0131s\u0131n\u0131 analiz etmelerini sa\u011flar. Pupil Core, n\u00f6robilim, psikoloji, insan-bilgisayar etkile\u015fimi (HCI), pazarlama ve e\u011fitim gibi alanlarda yayg\u0131n olarak kullan\u0131l\u0131r. G\u00f6z hareketlerini takip ederek g\u00f6rsel dikkat, bili\u015fsel s\u00fcre\u00e7ler ve beyin aktivitesine dair de\u011ferli bilgiler sunar. Ayr\u0131ca, deneysel ortamlarda ger\u00e7ek zamanl\u0131 veri toplamak i\u00e7in kullan\u0131l\u0131r ve kontrol edilmi\u015f ve do\u011fal ortamlarda \u00e7al\u0131\u015fmaya uygundur. Pupil Core, ayr\u0131ca, engelli bireylerin g\u00f6z hareketlerini kullanarak etkile\u015fimde bulunmalar\u0131na ve ileti\u015fim kurmalar\u0131na yard\u0131mc\u0131 olan yard\u0131mc\u0131 teknolojilerde de kullan\u0131labilir. Ta\u015f\u0131nabilirli\u011fi ve esnekli\u011fi, laboratuvar ortamlar\u0131 d\u0131\u015f\u0131nda da kullan\u0131labilmesini sa\u011flar, \u00e7e\u015fitli ara\u015ft\u0131rma uygulamalar\u0131na ve pratik \u00e7\u00f6z\u00fcmlere katk\u0131 sa\u011flar.<\/p>\n\n\n\n<p><\/p>\n\n\n\n<p><\/p>\n\n\n\n<h2 class=\"wp-block-heading\"><strong> ANAM4 Battery Builder<\/strong><\/h2>\n\n\n\n<p><\/p>\n\n\n\n<p>ANAM4 Battery Builder, batarya sistemlerini tasarlamak ve yap\u0131land\u0131rmak i\u00e7in kullan\u0131lan bir yaz\u0131l\u0131m arac\u0131d\u0131r. Batarya y\u00f6netim sistemleri (BMS) ve enerji depolama alanlar\u0131nda \u00e7al\u0131\u015fan profesyoneller i\u00e7in \u00f6zel olarak geli\u015ftirilmi\u015ftir. ANAM4, kullan\u0131c\u0131lar\u0131n batarya kapasiteleri, voltaj seviyeleri ve ba\u011flant\u0131 se\u00e7enekleri gibi parametreleri tan\u0131mlayarak \u00f6zel batarya sistemleri olu\u015fturmalar\u0131n\u0131 sa\u011flar. Bu yaz\u0131l\u0131m, yenilenebilir enerji sistemleri, elektrikli ara\u00e7lar ve end\u00fcstriyel kullan\u0131mlar gibi uygulamalar i\u00e7in uygun batarya \u00e7\u00f6z\u00fcmleri geli\u015ftirmeye yard\u0131mc\u0131 olur. Ayr\u0131ca, batarya yap\u0131land\u0131rmalar\u0131n\u0131 optimize ederek verimli enerji kullan\u0131m\u0131 sa\u011flamaya ve batarya \u00f6mr\u00fcn\u00fc uzatmaya yard\u0131mc\u0131 olur. ANAM4, batarya sistemlerinin \u00e7e\u015fitli ko\u015fullar alt\u0131nda nas\u0131l performans g\u00f6sterece\u011fini sim\u00fcle etme ve test etme imkan\u0131 sunar, b\u00f6ylece daha g\u00fcvenilir ve dayan\u0131kl\u0131 \u00e7\u00f6z\u00fcmler geli\u015ftirmeye katk\u0131 sa\u011flar.<\/p>\n\n\n\n<p><\/p>\n\n\n\n<p><\/p>\n","protected":false},"excerpt":{"rendered":"<p>Emotiv EPOC \/ Emotiv EPOC Flex Emotiv EPOC ve Emotiv EPOC Flex, beyin aktivitesini \u00f6l\u00e7mek i\u00e7in tasarlanm\u0131\u015f ta\u015f\u0131nabilir elektroensefalografi (EEG) cihazlar\u0131d\u0131r. Emotiv EPOC, beyin dalgalar\u0131n\u0131 yakalamak i\u00e7in 14 sens\u00f6r sunarken, EPOC Flex modeli 32 sens\u00f6rle daha fazla esneklik ve daha ayr\u0131nt\u0131l\u0131 ve hassas \u00f6l\u00e7\u00fcmler sa\u011flar. Bu cihazlar, n\u00f6robilim ara\u015ft\u0131rmalar\u0131, bili\u015fsel&#8230;<\/p>\n","protected":false},"author":1,"featured_media":1348,"parent":0,"menu_order":0,"comment_status":"closed","ping_status":"closed","template":"","meta":{"footnotes":""},"class_list":["post-1286","page","type-page","status-publish","has-post-thumbnail","hentry"],"_links":{"self":[{"href":"https:\/\/marcolab.itu.edu.tr\/tr\/wp-json\/wp\/v2\/pages\/1286","targetHints":{"allow":["GET"]}}],"collection":[{"href":"https:\/\/marcolab.itu.edu.tr\/tr\/wp-json\/wp\/v2\/pages"}],"about":[{"href":"https:\/\/marcolab.itu.edu.tr\/tr\/wp-json\/wp\/v2\/types\/page"}],"author":[{"embeddable":true,"href":"https:\/\/marcolab.itu.edu.tr\/tr\/wp-json\/wp\/v2\/users\/1"}],"replies":[{"embeddable":true,"href":"https:\/\/marcolab.itu.edu.tr\/tr\/wp-json\/wp\/v2\/comments?post=1286"}],"version-history":[{"count":3,"href":"https:\/\/marcolab.itu.edu.tr\/tr\/wp-json\/wp\/v2\/pages\/1286\/revisions"}],"predecessor-version":[{"id":1393,"href":"https:\/\/marcolab.itu.edu.tr\/tr\/wp-json\/wp\/v2\/pages\/1286\/revisions\/1393"}],"wp:featuredmedia":[{"embeddable":true,"href":"https:\/\/marcolab.itu.edu.tr\/tr\/wp-json\/wp\/v2\/media\/1348"}],"wp:attachment":[{"href":"https:\/\/marcolab.itu.edu.tr\/tr\/wp-json\/wp\/v2\/media?parent=1286"}],"curies":[{"name":"wp","href":"https:\/\/api.w.org\/{rel}","templated":true}]}}