{"id":1282,"date":"2024-12-04T12:20:50","date_gmt":"2024-12-04T09:20:50","guid":{"rendered":"https:\/\/marcolab.itu.edu.tr\/?page_id=1282"},"modified":"2025-03-11T11:51:07","modified_gmt":"2025-03-11T08:51:07","slug":"contact","status":"publish","type":"page","link":"https:\/\/marcolab.itu.edu.tr\/tr\/contact\/","title":{"rendered":"\u0130leti\u015fim"},"content":{"rendered":"<p class=\"wpcf7-contact-form-not-found\"><strong>Hata:<\/strong> \u0130leti\u015fim formu bulunamad\u0131.<\/p>\n\n\n\n<p><\/p>\n","protected":false},"excerpt":{"rendered":"","protected":false},"author":1,"featured_media":0,"parent":0,"menu_order":0,"comment_status":"closed","ping_status":"closed","template":"","meta":{"footnotes":""},"class_list":["post-1282","page","type-page","status-publish","hentry"],"_links":{"self":[{"href":"https:\/\/marcolab.itu.edu.tr\/tr\/wp-json\/wp\/v2\/pages\/1282","targetHints":{"allow":["GET"]}}],"collection":[{"href":"https:\/\/marcolab.itu.edu.tr\/tr\/wp-json\/wp\/v2\/pages"}],"about":[{"href":"https:\/\/marcolab.itu.edu.tr\/tr\/wp-json\/wp\/v2\/types\/page"}],"author":[{"embeddable":true,"href":"https:\/\/marcolab.itu.edu.tr\/tr\/wp-json\/wp\/v2\/users\/1"}],"replies":[{"embeddable":true,"href":"https:\/\/marcolab.itu.edu.tr\/tr\/wp-json\/wp\/v2\/comments?post=1282"}],"version-history":[{"count":2,"href":"https:\/\/marcolab.itu.edu.tr\/tr\/wp-json\/wp\/v2\/pages\/1282\/revisions"}],"predecessor-version":[{"id":1389,"href":"https:\/\/marcolab.itu.edu.tr\/tr\/wp-json\/wp\/v2\/pages\/1282\/revisions\/1389"}],"wp:attachment":[{"href":"https:\/\/marcolab.itu.edu.tr\/tr\/wp-json\/wp\/v2\/media?parent=1282"}],"curies":[{"name":"wp","href":"https:\/\/api.w.org\/{rel}","templated":true}]}}