{"id":1267,"date":"2024-12-04T12:13:01","date_gmt":"2024-12-04T09:13:01","guid":{"rendered":"https:\/\/marcolab.itu.edu.tr\/?page_id=1267"},"modified":"2026-04-01T15:07:36","modified_gmt":"2026-04-01T12:07:36","slug":"members-of-lab","status":"publish","type":"page","link":"https:\/\/marcolab.itu.edu.tr\/tr\/members-of-lab\/","title":{"rendered":"Laboratuvar \u00dcyeleri"},"content":{"rendered":"\n<figure class=\"wp-block-gallery aligncenter has-nested-images columns-default is-cropped wp-block-gallery-1 is-layout-flex wp-block-gallery-is-layout-flex\">\n<figure class=\"wp-block-image size-large is-style-default\"><img loading=\"lazy\" decoding=\"async\" width=\"1024\" height=\"576\" data-id=\"1455\" src=\"https:\/\/marcolab.itu.edu.tr\/tr\/wp-content\/uploads\/2025\/03\/WhatsApp-Image-2025-03-13-at-14.42.01-1024x576.jpeg\" alt=\"\" class=\"wp-image-1455\"\/><figcaption class=\"wp-element-caption\">Prof. Dr. Leyla Tavac\u0131o\u011flu<br>(Deniz Ula\u015ft\u0131rma-Psikoloji)<\/figcaption><\/figure>\n\n\n\n<figure class=\"wp-block-image size-large\"><img loading=\"lazy\" decoding=\"async\" width=\"831\" height=\"1024\" data-id=\"1454\" src=\"https:\/\/marcolab.itu.edu.tr\/tr\/wp-content\/uploads\/2025\/03\/WhatsApp-Image-2025-03-13-at-14.41.02-831x1024.jpeg\" alt=\"\" class=\"wp-image-1454\" srcset=\"https:\/\/marcolab.itu.edu.tr\/tr\/wp-content\/uploads\/2025\/03\/WhatsApp-Image-2025-03-13-at-14.41.02-831x1024.jpeg 831w, https:\/\/marcolab.itu.edu.tr\/tr\/wp-content\/uploads\/2025\/03\/WhatsApp-Image-2025-03-13-at-14.41.02-244x300.jpeg 244w, https:\/\/marcolab.itu.edu.tr\/tr\/wp-content\/uploads\/2025\/03\/WhatsApp-Image-2025-03-13-at-14.41.02-768x946.jpeg 768w, https:\/\/marcolab.itu.edu.tr\/tr\/wp-content\/uploads\/2025\/03\/WhatsApp-Image-2025-03-13-at-14.41.02.jpeg 1002w\" sizes=\"auto, (max-width: 831px) 100vw, 831px\" \/><figcaption class=\"wp-element-caption\">Dr. \u00d6\u011fretim G\u00f6revlisi Hakan \u00c7ap <br>(\u0130\u015f Sa\u011fl\u0131\u011f\u0131 G\u00fcvenli\u011fi)<\/figcaption><\/figure>\n\n\n\n<figure class=\"wp-block-image size-full\"><img loading=\"lazy\" decoding=\"async\" width=\"829\" height=\"1106\" data-id=\"1453\" src=\"https:\/\/marcolab.itu.edu.tr\/tr\/wp-content\/uploads\/2025\/03\/WhatsApp-Image-2025-03-13-at-14.40.17.jpeg\" alt=\"\" class=\"wp-image-1453\" srcset=\"https:\/\/marcolab.itu.edu.tr\/tr\/wp-content\/uploads\/2025\/03\/WhatsApp-Image-2025-03-13-at-14.40.17.jpeg 829w, https:\/\/marcolab.itu.edu.tr\/tr\/wp-content\/uploads\/2025\/03\/WhatsApp-Image-2025-03-13-at-14.40.17-225x300.jpeg 225w, https:\/\/marcolab.itu.edu.tr\/tr\/wp-content\/uploads\/2025\/03\/WhatsApp-Image-2025-03-13-at-14.40.17-768x1025.jpeg 768w\" sizes=\"auto, (max-width: 829px) 100vw, 829px\" \/><figcaption class=\"wp-element-caption\">Dr. Bayram Bar\u0131\u015f K\u0131z\u0131lsa\u00e7<br>(Matematik M\u00fchendisli\u011fi)<\/figcaption><\/figure>\n\n\n\n<figure class=\"wp-block-image size-large\"><img loading=\"lazy\" decoding=\"async\" width=\"200\" height=\"200\" data-id=\"1271\" src=\"https:\/\/marcolab.itu.edu.tr\/tr\/wp-content\/uploads\/2024\/12\/sb-1.jpeg\" alt=\"\" class=\"wp-image-1271\" srcset=\"https:\/\/marcolab.itu.edu.tr\/tr\/wp-content\/uploads\/2024\/12\/sb-1.jpeg 200w, https:\/\/marcolab.itu.edu.tr\/tr\/wp-content\/uploads\/2024\/12\/sb-1-150x150.jpeg 150w\" sizes=\"auto, (max-width: 200px) 100vw, 200px\" \/><figcaption class=\"wp-element-caption\">Dr. Ara\u015ft\u0131rma G\u00f6revlisi Samet Bi\u00e7en<br>(Gemi Mak. \u0130\u015fl. M\u00fch.)<\/figcaption><\/figure>\n\n\n\n<figure class=\"wp-block-image size-full\"><img loading=\"lazy\" decoding=\"async\" width=\"590\" height=\"498\" data-id=\"1437\" src=\"https:\/\/marcolab.itu.edu.tr\/tr\/wp-content\/uploads\/2025\/03\/EpNTQ76XcAAM3w8-e1741854275734.jpg\" alt=\"\" class=\"wp-image-1437\" srcset=\"https:\/\/marcolab.itu.edu.tr\/tr\/wp-content\/uploads\/2025\/03\/EpNTQ76XcAAM3w8-e1741854275734.jpg 590w, https:\/\/marcolab.itu.edu.tr\/tr\/wp-content\/uploads\/2025\/03\/EpNTQ76XcAAM3w8-e1741854275734-300x253.jpg 300w\" sizes=\"auto, (max-width: 590px) 100vw, 590px\" \/><figcaption class=\"wp-element-caption\">Do\u00e7. Dr. O\u011fuzhan Ceylan <br>(Hesaplamal\u0131 Bilim ve M\u00fchendislik)<\/figcaption><\/figure>\n\n\n\n<figure class=\"wp-block-image size-full\"><img loading=\"lazy\" decoding=\"async\" width=\"345\" height=\"291\" data-id=\"1416\" src=\"https:\/\/marcolab.itu.edu.tr\/tr\/wp-content\/uploads\/2025\/03\/elif-e1741695757465.jpg\" alt=\"\" class=\"wp-image-1416\" srcset=\"https:\/\/marcolab.itu.edu.tr\/tr\/wp-content\/uploads\/2025\/03\/elif-e1741695757465.jpg 345w, https:\/\/marcolab.itu.edu.tr\/tr\/wp-content\/uploads\/2025\/03\/elif-e1741695757465-300x253.jpg 300w\" sizes=\"auto, (max-width: 345px) 100vw, 345px\" \/><figcaption class=\"wp-element-caption\">Dr. \u00d6\u011fr. \u00dcyesi Elif \u00d6zge \u00d6zdamar <br>(\u0130statistik-Veri Analizi)<\/figcaption><\/figure>\n\n\n\n<figure class=\"wp-block-image size-full\"><img loading=\"lazy\" decoding=\"async\" width=\"224\" height=\"223\" data-id=\"1418\" src=\"https:\/\/marcolab.itu.edu.tr\/tr\/wp-content\/uploads\/2025\/03\/osman-e1741696143492.jpg\" alt=\"\" class=\"wp-image-1418\" srcset=\"https:\/\/marcolab.itu.edu.tr\/tr\/wp-content\/uploads\/2025\/03\/osman-e1741696143492.jpg 224w, https:\/\/marcolab.itu.edu.tr\/tr\/wp-content\/uploads\/2025\/03\/osman-e1741696143492-150x150.jpg 150w\" sizes=\"auto, (max-width: 224px) 100vw, 224px\" \/><figcaption class=\"wp-element-caption\">Prof. Dr. Osman Kaan Kora (Psikiyatri)<\/figcaption><\/figure>\n\n\n\n<figure class=\"wp-block-image size-full\"><img loading=\"lazy\" decoding=\"async\" width=\"234\" height=\"197\" data-id=\"1421\" src=\"https:\/\/marcolab.itu.edu.tr\/tr\/wp-content\/uploads\/2025\/03\/sinem-e1741696008113.png\" alt=\"\" class=\"wp-image-1421\"\/><figcaption class=\"wp-element-caption\">Prof. Dr. \u00d6zg\u00fcr Bilgin Top\u00e7u (N\u00f6roloji)<\/figcaption><\/figure>\n\n\n\n<figure class=\"wp-block-image size-full\"><img loading=\"lazy\" decoding=\"async\" width=\"265\" height=\"265\" data-id=\"1439\" src=\"https:\/\/marcolab.itu.edu.tr\/tr\/wp-content\/uploads\/2025\/03\/meltem-kora.jpg\" alt=\"\" class=\"wp-image-1439\" srcset=\"https:\/\/marcolab.itu.edu.tr\/tr\/wp-content\/uploads\/2025\/03\/meltem-kora.jpg 265w, https:\/\/marcolab.itu.edu.tr\/tr\/wp-content\/uploads\/2025\/03\/meltem-kora-150x150.jpg 150w\" sizes=\"auto, (max-width: 265px) 100vw, 265px\" \/><figcaption class=\"wp-element-caption\">Dr. Meltem Kora (Psikiyatri)<\/figcaption><\/figure>\n\n\n\n<figure class=\"wp-block-image size-full\"><img loading=\"lazy\" decoding=\"async\" width=\"227\" height=\"215\" data-id=\"1420\" src=\"https:\/\/marcolab.itu.edu.tr\/tr\/wp-content\/uploads\/2025\/03\/ozgur-e1741695702346.jpg\" alt=\"\" class=\"wp-image-1420\"\/><figcaption class=\"wp-element-caption\">Dr. \u00d6zg\u00fcr Soy (Makine M\u00fchendisli\u011fi-\u0130BB Ula\u015f\u0131m Grup Ba\u015fkan\u0131)<\/figcaption><\/figure>\n\n\n\n<figure class=\"wp-block-image size-full\"><img loading=\"lazy\" decoding=\"async\" width=\"223\" height=\"200\" data-id=\"1414\" src=\"https:\/\/marcolab.itu.edu.tr\/tr\/wp-content\/uploads\/2025\/03\/baris-e1741695884183.png\" alt=\"\" class=\"wp-image-1414\"\/><figcaption class=\"wp-element-caption\">Dr. \u00d6\u011fretim \u00dcyesi Bar\u0131\u015f \u00d6zsever (Deniz Ula\u015ft\u0131rma M\u00fch.-Kaptan)<\/figcaption><\/figure>\n\n\n\n<figure class=\"wp-block-image size-full\"><img loading=\"lazy\" decoding=\"async\" width=\"719\" height=\"899\" data-id=\"1480\" src=\"https:\/\/marcolab.itu.edu.tr\/tr\/wp-content\/uploads\/2025\/03\/WhatsApp-Image-2025-03-14-at-15.07.35.jpeg\" alt=\"\" class=\"wp-image-1480\" srcset=\"https:\/\/marcolab.itu.edu.tr\/tr\/wp-content\/uploads\/2025\/03\/WhatsApp-Image-2025-03-14-at-15.07.35.jpeg 719w, https:\/\/marcolab.itu.edu.tr\/tr\/wp-content\/uploads\/2025\/03\/WhatsApp-Image-2025-03-14-at-15.07.35-240x300.jpeg 240w\" sizes=\"auto, (max-width: 719px) 100vw, 719px\" \/><figcaption class=\"wp-element-caption\">Doktora \u00d6\u011fretim \u00dcyesi Melike Ceylan (Psikolog)<\/figcaption><\/figure>\n\n\n\n<figure class=\"wp-block-image size-large\"><img loading=\"lazy\" decoding=\"async\" width=\"889\" height=\"1024\" data-id=\"1478\" src=\"https:\/\/marcolab.itu.edu.tr\/tr\/wp-content\/uploads\/2025\/03\/WhatsApp-Image-2025-03-14-at-12.39.45-889x1024.jpeg\" alt=\"\" class=\"wp-image-1478\" srcset=\"https:\/\/marcolab.itu.edu.tr\/tr\/wp-content\/uploads\/2025\/03\/WhatsApp-Image-2025-03-14-at-12.39.45-889x1024.jpeg 889w, https:\/\/marcolab.itu.edu.tr\/tr\/wp-content\/uploads\/2025\/03\/WhatsApp-Image-2025-03-14-at-12.39.45-260x300.jpeg 260w, https:\/\/marcolab.itu.edu.tr\/tr\/wp-content\/uploads\/2025\/03\/WhatsApp-Image-2025-03-14-at-12.39.45-768x885.jpeg 768w, https:\/\/marcolab.itu.edu.tr\/tr\/wp-content\/uploads\/2025\/03\/WhatsApp-Image-2025-03-14-at-12.39.45.jpeg 1117w\" sizes=\"auto, (max-width: 889px) 100vw, 889px\" \/><figcaption class=\"wp-element-caption\">Duygu \u00c7atalta\u015f S\u0131p\u00e7\u0131ko\u011flu (Pedagog\/Psikolojik Dan\u0131\u015fman \u2013 Aile ve \u00c7ift Terapisti)<\/figcaption><\/figure>\n\n\n\n<figure class=\"wp-block-image size-full\"><img loading=\"lazy\" decoding=\"async\" width=\"239\" height=\"175\" data-id=\"1412\" src=\"https:\/\/marcolab.itu.edu.tr\/tr\/wp-content\/uploads\/2025\/03\/alp-e1741695983285.png\" alt=\"\" class=\"wp-image-1412\"\/><figcaption class=\"wp-element-caption\">Deniz Alp Dolu (Doktora \u00f6\u011frencisi-Deniz Ula\u015ft\u0131rma M\u00fchendisili\u011fi &#8211; Denizcilik \u00c7al\u0131\u015fmalar\u0131)<\/figcaption><\/figure>\n\n\n\n<figure class=\"wp-block-image size-full\"><img loading=\"lazy\" decoding=\"async\" width=\"295\" height=\"378\" data-id=\"1444\" src=\"https:\/\/marcolab.itu.edu.tr\/tr\/wp-content\/uploads\/2025\/03\/WhatsApp-Image-2025-03-13-at-11.05.42.jpeg\" alt=\"\" class=\"wp-image-1444\" srcset=\"https:\/\/marcolab.itu.edu.tr\/tr\/wp-content\/uploads\/2025\/03\/WhatsApp-Image-2025-03-13-at-11.05.42.jpeg 295w, https:\/\/marcolab.itu.edu.tr\/tr\/wp-content\/uploads\/2025\/03\/WhatsApp-Image-2025-03-13-at-11.05.42-234x300.jpeg 234w\" sizes=\"auto, (max-width: 295px) 100vw, 295px\" \/><figcaption class=\"wp-element-caption\">Fuat Uyan\u0131k (Doktora \u00f6\u011frencisi &#8211; Denizci Subay &#8211; Denizcilik \u00c7al\u0131\u015fmalar\u0131)<\/figcaption><\/figure>\n\n\n\n<figure class=\"wp-block-image size-large\"><img loading=\"lazy\" decoding=\"async\" width=\"1024\" height=\"684\" data-id=\"1456\" src=\"https:\/\/marcolab.itu.edu.tr\/tr\/wp-content\/uploads\/2025\/03\/WhatsApp-Image-2025-03-13-at-14.44.45-1024x684.jpeg\" alt=\"\" class=\"wp-image-1456\"\/><figcaption class=\"wp-element-caption\">Umut \u00c7elen Ar\u0131can<br>(Doktora \u00d6\u011frencisi &#8211; Kaptan &#8211; ARKAS Dijital D\u00f6n\u00fc\u015f\u00fcm Direkt\u00f6r\u00fc &#8211; Denizcilik \u00c7al\u0131\u015fmalar\u0131)<\/figcaption><\/figure>\n\n\n\n<figure class=\"wp-block-image size-full\"><img loading=\"lazy\" decoding=\"async\" width=\"768\" height=\"1024\" data-id=\"1448\" src=\"https:\/\/marcolab.itu.edu.tr\/tr\/wp-content\/uploads\/2025\/03\/WhatsApp-Image-2025-03-13-at-11.46.59.jpeg\" alt=\"\" class=\"wp-image-1448\" srcset=\"https:\/\/marcolab.itu.edu.tr\/tr\/wp-content\/uploads\/2025\/03\/WhatsApp-Image-2025-03-13-at-11.46.59.jpeg 768w, https:\/\/marcolab.itu.edu.tr\/tr\/wp-content\/uploads\/2025\/03\/WhatsApp-Image-2025-03-13-at-11.46.59-225x300.jpeg 225w\" sizes=\"auto, (max-width: 768px) 100vw, 768px\" \/><figcaption class=\"wp-element-caption\"><br>Selman \u00c7ulha<br>(Doktora \u00d6\u011frencisi &#8211; Kaptan)<\/figcaption><\/figure>\n\n\n\n<figure class=\"wp-block-image size-full\"><img loading=\"lazy\" decoding=\"async\" width=\"376\" height=\"475\" data-id=\"1476\" src=\"https:\/\/marcolab.itu.edu.tr\/tr\/wp-content\/uploads\/2025\/03\/WhatsApp-Image-2025-03-14-at-11.55.11.jpeg\" alt=\"\" class=\"wp-image-1476\" srcset=\"https:\/\/marcolab.itu.edu.tr\/tr\/wp-content\/uploads\/2025\/03\/WhatsApp-Image-2025-03-14-at-11.55.11.jpeg 376w, https:\/\/marcolab.itu.edu.tr\/tr\/wp-content\/uploads\/2025\/03\/WhatsApp-Image-2025-03-14-at-11.55.11-237x300.jpeg 237w\" sizes=\"auto, (max-width: 376px) 100vw, 376px\" \/><figcaption class=\"wp-element-caption\">Ar\u015f. G\u00f6r. Mert Hazar <br>(Doktora \u00f6\u011frencisi &#8211; Denizcilik \u0130\u015fletmeleri Y\u00f6netimi)<\/figcaption><\/figure>\n\n\n<div class=\"wp-block-image is-style-default\">\n<figure class=\"aligncenter size-medium\"><img loading=\"lazy\" decoding=\"async\" width=\"225\" height=\"300\" data-id=\"1496\" src=\"https:\/\/marcolab.itu.edu.tr\/tr\/wp-content\/uploads\/2026\/04\/WhatsApp-Image-2025-10-22-at-15.51.44-225x300.jpeg\" alt=\"Ara\u015f. G\u00f6r. \u0130smail Karaca (Deniz Ula\u015ft\u0131rma \u0130\u015fl. M\u00fch. - Avukat)\" class=\"wp-image-1496\" title=\"Ara\u015f. G\u00f6r. \u0130smail Karaca (Deniz Ula\u015ft\u0131rma \u0130\u015fl. M\u00fch. - Avukat)\" srcset=\"https:\/\/marcolab.itu.edu.tr\/tr\/wp-content\/uploads\/2026\/04\/WhatsApp-Image-2025-10-22-at-15.51.44-225x300.jpeg 225w, https:\/\/marcolab.itu.edu.tr\/tr\/wp-content\/uploads\/2026\/04\/WhatsApp-Image-2025-10-22-at-15.51.44.jpeg 531w\" sizes=\"auto, (max-width: 225px) 100vw, 225px\" \/><figcaption class=\"wp-element-caption\">Ara\u015f. G\u00f6r. \u0130smail Karaca (Deniz Ula\u015f. \u0130\u015fl. M\u00fch. &#8211; Avukat)<\/figcaption><\/figure>\n<\/div><\/figure>\n","protected":false},"excerpt":{"rendered":"","protected":false},"author":1,"featured_media":0,"parent":0,"menu_order":0,"comment_status":"closed","ping_status":"closed","template":"","meta":{"footnotes":""},"class_list":["post-1267","page","type-page","status-publish","hentry"],"_links":{"self":[{"href":"https:\/\/marcolab.itu.edu.tr\/tr\/wp-json\/wp\/v2\/pages\/1267","targetHints":{"allow":["GET"]}}],"collection":[{"href":"https:\/\/marcolab.itu.edu.tr\/tr\/wp-json\/wp\/v2\/pages"}],"about":[{"href":"https:\/\/marcolab.itu.edu.tr\/tr\/wp-json\/wp\/v2\/types\/page"}],"author":[{"embeddable":true,"href":"https:\/\/marcolab.itu.edu.tr\/tr\/wp-json\/wp\/v2\/users\/1"}],"replies":[{"embeddable":true,"href":"https:\/\/marcolab.itu.edu.tr\/tr\/wp-json\/wp\/v2\/comments?post=1267"}],"version-history":[{"count":37,"href":"https:\/\/marcolab.itu.edu.tr\/tr\/wp-json\/wp\/v2\/pages\/1267\/revisions"}],"predecessor-version":[{"id":1500,"href":"https:\/\/marcolab.itu.edu.tr\/tr\/wp-json\/wp\/v2\/pages\/1267\/revisions\/1500"}],"wp:attachment":[{"href":"https:\/\/marcolab.itu.edu.tr\/tr\/wp-json\/wp\/v2\/media?parent=1267"}],"curies":[{"name":"wp","href":"https:\/\/api.w.org\/{rel}","templated":true}]}}