{"id":1260,"date":"2024-12-04T11:59:01","date_gmt":"2024-12-04T08:59:01","guid":{"rendered":"https:\/\/marcolab.itu.edu.tr\/?page_id=1260"},"modified":"2025-06-19T16:17:53","modified_gmt":"2025-06-19T13:17:53","slug":"publications","status":"publish","type":"page","link":"https:\/\/marcolab.itu.edu.tr\/tr\/publications\/","title":{"rendered":"Yay\u0131nlar\u0131m\u0131z"},"content":{"rendered":"\n<h3 class=\"wp-block-heading\">Ara\u015ft\u0131rma makalesi<br><\/h3>\n\n\n\n<p>Tavac\u0131o\u011flu, L., Ta\u00e7, U., Eski, \u00d6., G\u00f6kmen, N., Uzun, B., &amp; Tirgil, U. (2019). Leadership in Maritime: Assessing the effect of Leadership Motivation and Fear. Leadership, 3(1), 51-57. chrome-extension:\/\/efaidnbmnnnibpcajpcglclefindmkaj\/https:\/\/dergipark.org.tr\/en\/download\/article-file\/683638<\/p>\n\n\n\n<p>\u00d6zsever, B., &amp; Tavac\u0131o\u011flu, L. (2018). Analysing the effects of working period on psychophysiological states of seafarers. International maritime health, 69(2), 84-93., http:\/\/dx.doi.org\/10.5603\/IMH.2018.0013 <a href=\"https:\/\/journals.viamedica.pl\/international_maritime_health\/article\/view\/57891\">https:\/\/journals.viamedica.pl\/international_maritime_health\/article\/view\/57891<\/a><\/p>\n\n\n\n<p>Ta\u00e7, U., Tavac\u0131o\u011flu, T.,Bolat, P. (2017). Age and Experience Based Neurocognitive Performance of Seafarers. Engineering Sciences. chrome-extension:\/\/efaidnbmnnnibpcajpcglclefindmkaj\/https:\/\/dergipark.org.tr\/en\/download\/article-file\/322975<\/p>\n\n\n\n<p>Bal Be\u015fik\u00e7i, E., Tavac\u0131o\u011flu, L., &amp; Arslan, \u00d6. (2016). The subjective measurement of seafarers\u2019 fatigue levels and mental symptoms. Maritime Policy &amp; Management, 43(3), 329-343., https:\/\/doi.org\/10.1080\/03088839.2015.1047426 <a href=\"https:\/\/www.tandfonline.com\/doi\/full\/10.1080\/03088839.2015.1047426\">https:\/\/www.tandfonline.com\/doi\/full\/10.1080\/03088839.2015.1047426<\/a><\/p>\n\n\n\n<p>Kili\u00e7, K., &amp; Tavacioglu, L. (2015). Influence Of Emotional Intelligence On The Work Performance Of Seafarers. Analele Universitatii Maritime Constanta, 16(24). <a href=\"https:\/\/www.researchgate.net\/publication\/300503850_Influence_of_Emotional_Intelligence_on_the_Work_Performance_of_Seafarers\">https:\/\/www.researchgate.net\/publication\/300503850_Influence_of_Emotional_Intelligence_on_the_Work_Performance_of_Seafarers<\/a><\/p>\n\n\n\n<p>Ta\u00e7, U., Tavac\u0131o\u011flu, T.,Bolat, P., Kora, O.K.,Bolat, F. (2014).Monitoring Seafarers Cognitive Performance During a Voyage by Automated Neurological Assessment Metrics. Constanta Maritime University Annals, 20(5), 291-310. <a href=\"https:\/\/research.ebsco.com\/c\/6k2lrh\/search\/details\/pttkjf5sa5?db=asn\">https:\/\/research.ebsco.com\/c\/6k2lrh\/search\/details\/pttkjf5sa5?db=asn<\/a><\/p>\n\n\n\n<p>Bicen, S., &amp; Celik, M. (2022). A hybrid approach to near-miss report investigation towards next-generation safety solutions on-board ships.\u00a0<em>Ocean Engineering<\/em>,\u00a0<em>266<\/em>, 112768. <a href=\"https:\/\/www.sciencedirect.com\/science\/article\/pii\/S0029801822020510\">https:\/\/www.sciencedirect.com\/science\/article\/pii\/S0029801822020510<\/a><\/p>\n\n\n\n<p>Bicen, S., Kandemir, C., &amp; Celik, M. (2021). A human reliability analysis to crankshaft overhauling in dry-docking of a general cargo ship.\u00a0<em>Proceedings of the Institution of Mechanical Engineers, Part M: Journal of Engineering for the Maritime Environment<\/em>,\u00a0<em>235<\/em>(1), 93-109. <a href=\"https:\/\/journals.sagepub.com\/doi\/10.1177\/1475090220948338\">https:\/\/journals.sagepub.com\/doi\/10.1177\/1475090220948338<\/a><\/p>\n\n\n\n<p>______________________________________________________________________________________________<\/p>\n\n\n\n<div class=\"wp-block-group\"><div class=\"wp-block-group__inner-container is-layout-constrained wp-block-group-is-layout-constrained\">\n<h3 class=\"wp-block-heading\">Konferans Bildirileri<\/h3>\n\n\n\n<p>Ta\u00e7, U., &amp; Tavac\u0131o\u011flu, L. (2019). Investigating the Impact of Ageing on Navigation Performance of Deck Officers. Cataloging-In-Publication Data, 845. <\/p>\n\n\n\n<p>Ta\u00e7, U., &amp; Tavac\u0131o\u011flu, L. (2019). An Assessment of Seafarers\u2019 Mental Workload: A Case Study on Routine Navigation Operations. Cataloging-In-Publication Data, 840. <\/p>\n\n\n\n<p>Tavac\u0131o\u011flu, L., Ta\u00e7, U., G\u00f6kmen, N., Eski, \u00d6., Y\u0131lmaz, C., (2018). A Research As Mobbing Examination in Maritime Sector. International Conference on Science and Technology (ICONST18), 05.09.2018.<\/p>\n\n\n\n<p>Ta\u00e7, U., Tavacio\u011flu, L., &amp; Bolat, P. (2016). Assessing Seafarers\u2019cognitive Abilities by Using Neurocognitive Test Battery. Proceedings Book, 453. chrome-extension:\/\/efaidnbmnnnibpcajpcglclefindmkaj\/https:\/\/gemimo.org\/Data\/Uploads\/files\/II_%20GMC%20(2016).pdf<\/p>\n\n\n\n<p>S\u00fcrer, E. G., \u00d6zkaya, G. G., Tavacio\u011flu, L., &amp; Ta\u00e7, U. (2016). Intermittent Husband Syndrome Analysis for Seafarers and Their Families. Proceedings Book, 8, 735. chrome-extension:\/\/efaidnbmnnnibpcajpcglclefindmkaj\/https:\/\/gemimo.org\/Data\/Uploads\/files\/II_%20GMC%20(2016).pdf<\/p>\n\n\n\n<p>Ta\u00e7, U., Tavacio\u011flu, L., &amp; Bolat, P. (2016). Scenario Based Reaction Time Analysis for Seafarers, MCC 2016 : 18th International Conference on Mathematical and Computational Chemistry, 07.11.2016.<\/p>\n<\/div><\/div>\n","protected":false},"excerpt":{"rendered":"<p>Ara\u015ft\u0131rma makalesi Tavac\u0131o\u011flu, L., Ta\u00e7, U., Eski, \u00d6., G\u00f6kmen, N., Uzun, B., &amp; Tirgil, U. (2019). Leadership in Maritime: Assessing the effect of Leadership Motivation and Fear. Leadership, 3(1), 51-57. chrome-extension:\/\/efaidnbmnnnibpcajpcglclefindmkaj\/https:\/\/dergipark.org.tr\/en\/download\/article-file\/683638 \u00d6zsever, B., &amp; Tavac\u0131o\u011flu, L. (2018). Analysing the effects of working period on psychophysiological states of seafarers. International maritime&#8230;<\/p>\n","protected":false},"author":1,"featured_media":0,"parent":0,"menu_order":0,"comment_status":"closed","ping_status":"closed","template":"","meta":{"footnotes":""},"class_list":["post-1260","page","type-page","status-publish","hentry"],"_links":{"self":[{"href":"https:\/\/marcolab.itu.edu.tr\/tr\/wp-json\/wp\/v2\/pages\/1260","targetHints":{"allow":["GET"]}}],"collection":[{"href":"https:\/\/marcolab.itu.edu.tr\/tr\/wp-json\/wp\/v2\/pages"}],"about":[{"href":"https:\/\/marcolab.itu.edu.tr\/tr\/wp-json\/wp\/v2\/types\/page"}],"author":[{"embeddable":true,"href":"https:\/\/marcolab.itu.edu.tr\/tr\/wp-json\/wp\/v2\/users\/1"}],"replies":[{"embeddable":true,"href":"https:\/\/marcolab.itu.edu.tr\/tr\/wp-json\/wp\/v2\/comments?post=1260"}],"version-history":[{"count":5,"href":"https:\/\/marcolab.itu.edu.tr\/tr\/wp-json\/wp\/v2\/pages\/1260\/revisions"}],"predecessor-version":[{"id":1487,"href":"https:\/\/marcolab.itu.edu.tr\/tr\/wp-json\/wp\/v2\/pages\/1260\/revisions\/1487"}],"wp:attachment":[{"href":"https:\/\/marcolab.itu.edu.tr\/tr\/wp-json\/wp\/v2\/media?parent=1260"}],"curies":[{"name":"wp","href":"https:\/\/api.w.org\/{rel}","templated":true}]}}