{"id":1255,"date":"2024-12-04T11:51:31","date_gmt":"2024-12-04T08:51:31","guid":{"rendered":"https:\/\/marcolab.itu.edu.tr\/?page_id=1255"},"modified":"2025-03-11T11:48:39","modified_gmt":"2025-03-11T08:48:39","slug":"about-2","status":"publish","type":"page","link":"https:\/\/marcolab.itu.edu.tr\/tr\/about-2\/","title":{"rendered":"Hakk\u0131m\u0131zda"},"content":{"rendered":"\n<p><strong>Laboratuvar T\u00fcr\u00fc:<\/strong> Ara\u015ft\u0131rma<br><strong>Uzmanl\u0131k Alan\u0131:<\/strong> Denizcilik \u00c7al\u0131\u015fmalar\u0131nda Bili\u015fsel Ergonomi<\/p>\n\n\n\n<h3 class=\"wp-block-heading\"><strong>Ama\u00e7:<\/strong><\/h3>\n\n\n\n<p>Denizcilik alan\u0131nda bili\u015fsel ergonomiyle ilgili zorluklar\u0131 bilimsel ara\u015ft\u0131rmalarla ele almak. Laboratuvar, bilim ve teknolojiyi kullanarak denizcilik sekt\u00f6r\u00fcndeki yerli ve uluslararas\u0131 personelin bili\u015fsel ergonomik performans\u0131n\u0131 art\u0131rmay\u0131 hedeflemektedir.<\/p>\n\n\n\n<h3 class=\"wp-block-heading\"><strong>Kurulu\u015f Bilgileri:<\/strong><\/h3>\n\n\n\n<p>2008 y\u0131l\u0131nda \u0130T\u00dc Denizcilik Fak\u00fcltesi b\u00fcnyesinde kurulmu\u015ftur.<\/p>\n\n\n\n<h3 class=\"wp-block-heading\"><strong>Sunulan Hizmetler:<\/strong><\/h3>\n\n\n\n<p>Denizcilik Bili\u015fsel Ergonomi Ara\u015ft\u0131rma Laboratuvar\u0131, proje geli\u015ftirme, tasar\u0131m, patent ve benzeri talepler i\u00e7in dan\u0131\u015fmanl\u0131k hizmetleri sunmaktad\u0131r.<\/p>\n\n\n\n<h3 class=\"wp-block-heading\"><strong>Ara\u015ft\u0131rmac\u0131lar \u0130\u00e7in F\u0131rsatlar:<\/strong><\/h3>\n\n\n\n<ul class=\"wp-block-list\">\n<li>Ara\u015ft\u0131rmac\u0131lar\u0131n makale ve tez \u00e7al\u0131\u015fmalar\u0131na y\u00f6n vermek amac\u0131yla deneysel analiz imkan\u0131 sunar.<\/li>\n\n\n\n<li>\u00d6l\u00e7\u00fcm cihazlar\u0131n\u0131n kullan\u0131m\u0131nda uzmanla\u015fmak i\u00e7in proje bazl\u0131 uygulamalar arac\u0131l\u0131\u011f\u0131yla f\u0131rsatlar sa\u011flar.<\/li>\n<\/ul>\n\n\n\n<h3 class=\"wp-block-heading\"><strong>Laboratuvar \u00c7al\u0131\u015fma Sistemi:<\/strong><\/h3>\n\n\n\n<p>Dan\u0131\u015fmanl\u0131k hizmeti talep eden ara\u015ft\u0131rmac\u0131lar\u0131n bir ba\u015fvuru formu doldurarak laboratuvar koordinat\u00f6r\u00fcne iletmeleri gerekmektedir.<\/p>\n\n\n\n<h3 class=\"wp-block-heading\"><strong>Laboratuvar \u00c7al\u0131\u015fma Saatleri:<\/strong><\/h3>\n\n\n\n<p><strong>Hafta i\u00e7i:<\/strong> 08:30 \u2013 17:30<\/p>\n\n\n\n<p><\/p>\n\n\n\n<p><\/p>\n\n\n\n<figure class=\"wp-block-image size-full\"><img loading=\"lazy\" decoding=\"async\" width=\"1024\" height=\"1024\" src=\"https:\/\/marcolab.itu.edu.tr\/tr\/wp-content\/uploads\/2024\/12\/image-1.png\" alt=\"\" class=\"wp-image-1256\" srcset=\"https:\/\/marcolab.itu.edu.tr\/tr\/wp-content\/uploads\/2024\/12\/image-1.png 1024w, https:\/\/marcolab.itu.edu.tr\/tr\/wp-content\/uploads\/2024\/12\/image-1-300x300.png 300w, https:\/\/marcolab.itu.edu.tr\/tr\/wp-content\/uploads\/2024\/12\/image-1-150x150.png 150w, https:\/\/marcolab.itu.edu.tr\/tr\/wp-content\/uploads\/2024\/12\/image-1-768x768.png 768w\" sizes=\"auto, (max-width: 1024px) 100vw, 1024px\" \/><\/figure>\n\n\n\n<p><\/p>\n\n\n\n<p><\/p>\n\n\n\n<h3 class=\"wp-block-heading\"><strong>ARA\u015eTIRMA ALANLARI<\/strong><\/h3>\n\n\n\n<h4 class=\"wp-block-heading\"><strong>Bilimsel Alanlar (\u00dcAK Alan Bilgisi):<\/strong><\/h4>\n\n\n\n<ul class=\"wp-block-list\">\n<li>M\u00fchendislik<\/li>\n<\/ul>\n\n\n\n<h4 class=\"wp-block-heading\"><strong>Di\u011fer Ara\u015ft\u0131rma Alanlar\u0131:<\/strong><\/h4>\n\n\n\n<ul class=\"wp-block-list\">\n<li>Gemilerde N\u00f6rofizyolojik \u0130zleme \u00c7al\u0131\u015fmalar\u0131<\/li>\n\n\n\n<li>Gemi Operasyonlar\u0131n\u0131n Bili\u015fsel Modellemesi<\/li>\n\n\n\n<li>Psikofizyoloji Ara\u015ft\u0131rmalar\u0131<\/li>\n\n\n\n<li>Denizcilerin Performans\u0131 ve \u0130\u015f Verimlili\u011fi<\/li>\n\n\n\n<li>Denizciler Aras\u0131nda Alg\u0131, Tutum ve Davran\u0131\u015f \u00c7al\u0131\u015fmalar\u0131<\/li>\n\n\n\n<li>\u00d6rg\u00fctsel \/ Bili\u015fsel Psikoloji<\/li>\n\n\n\n<li>\u0130nsan Kaynaklar\u0131 Y\u00f6netimi<\/li>\n\n\n\n<li>Y\u00f6netim, Organizasyon ve Davran\u0131\u015f<\/li>\n\n\n\n<li>Alanla \u0130lgili Anket Uygulamalar\u0131<\/li>\n\n\n\n<li>Sanal Ger\u00e7eklik \u00c7al\u0131\u015fmalar\u0131<\/li>\n\n\n\n<li>Denizcilerin Otonom Gemi Sistemlerine Entegrasyonu<\/li>\n\n\n\n<li>Operat\u00f6rlerin Otonom Gemi Sistemlerine Entegrasyonu \u2013 Otomasyon Seviyelerinin Otomatik Ayarlanmas\u0131 (Gelecek \u00c7al\u0131\u015fma)<\/li>\n\n\n\n<li>Bili\u015fsel Denizci-Gemi Aray\u00fcz\u00fc<\/li>\n\n\n\n<li>Yorgunluk Tespit Sistemleri<\/li>\n<\/ul>\n\n\n\n<p><\/p>\n\n\n\n<p><\/p>\n","protected":false},"excerpt":{"rendered":"<p>Laboratuvar T\u00fcr\u00fc: Ara\u015ft\u0131rmaUzmanl\u0131k Alan\u0131: Denizcilik \u00c7al\u0131\u015fmalar\u0131nda Bili\u015fsel Ergonomi Ama\u00e7: Denizcilik alan\u0131nda bili\u015fsel ergonomiyle ilgili zorluklar\u0131 bilimsel ara\u015ft\u0131rmalarla ele almak. Laboratuvar, bilim ve teknolojiyi kullanarak denizcilik sekt\u00f6r\u00fcndeki yerli ve uluslararas\u0131 personelin bili\u015fsel ergonomik performans\u0131n\u0131 art\u0131rmay\u0131 hedeflemektedir. Kurulu\u015f Bilgileri: 2008 y\u0131l\u0131nda \u0130T\u00dc Denizcilik Fak\u00fcltesi b\u00fcnyesinde kurulmu\u015ftur. Sunulan Hizmetler: Denizcilik Bili\u015fsel Ergonomi Ara\u015ft\u0131rma&#8230;<\/p>\n","protected":false},"author":1,"featured_media":1257,"parent":0,"menu_order":0,"comment_status":"closed","ping_status":"closed","template":"","meta":{"footnotes":""},"class_list":["post-1255","page","type-page","status-publish","has-post-thumbnail","hentry"],"_links":{"self":[{"href":"https:\/\/marcolab.itu.edu.tr\/tr\/wp-json\/wp\/v2\/pages\/1255","targetHints":{"allow":["GET"]}}],"collection":[{"href":"https:\/\/marcolab.itu.edu.tr\/tr\/wp-json\/wp\/v2\/pages"}],"about":[{"href":"https:\/\/marcolab.itu.edu.tr\/tr\/wp-json\/wp\/v2\/types\/page"}],"author":[{"embeddable":true,"href":"https:\/\/marcolab.itu.edu.tr\/tr\/wp-json\/wp\/v2\/users\/1"}],"replies":[{"embeddable":true,"href":"https:\/\/marcolab.itu.edu.tr\/tr\/wp-json\/wp\/v2\/comments?post=1255"}],"version-history":[{"count":2,"href":"https:\/\/marcolab.itu.edu.tr\/tr\/wp-json\/wp\/v2\/pages\/1255\/revisions"}],"predecessor-version":[{"id":1387,"href":"https:\/\/marcolab.itu.edu.tr\/tr\/wp-json\/wp\/v2\/pages\/1255\/revisions\/1387"}],"wp:featuredmedia":[{"embeddable":true,"href":"https:\/\/marcolab.itu.edu.tr\/tr\/wp-json\/wp\/v2\/media\/1257"}],"wp:attachment":[{"href":"https:\/\/marcolab.itu.edu.tr\/tr\/wp-json\/wp\/v2\/media?parent=1255"}],"curies":[{"name":"wp","href":"https:\/\/api.w.org\/{rel}","templated":true}]}}